{"id":576,"date":"2025-05-07T11:32:32","date_gmt":"2025-05-07T11:32:32","guid":{"rendered":"https:\/\/milano-galerie.de\/?page_id=576"},"modified":"2025-05-10T10:17:37","modified_gmt":"2025-05-10T10:17:37","slug":"versandbedingungen","status":"publish","type":"page","link":"https:\/\/milano-galerie.de\/de\/versandbedingungen\/","title":{"rendered":"Versandbedingungen"},"content":{"rendered":"<div data-elementor-type=\"wp-page\" data-elementor-id=\"576\" class=\"elementor elementor-576\">\n\t\t\t\t<div class=\"elementor-element elementor-element-a514d9e e-flex e-con-boxed e-con e-parent\" data-id=\"a514d9e\" data-element_type=\"container\" data-e-type=\"container\">\n\t\t\t\t\t<div class=\"e-con-inner\">\n\t\t\t\t<div class=\"elementor-element elementor-element-1968cc0 elementor-widget elementor-widget-text-editor\" data-id=\"1968cc0\" data-element_type=\"widget\" data-e-type=\"widget\" data-widget_type=\"text-editor.default\">\n\t\t\t\t<div class=\"elementor-widget-container\">\n\t\t\t\t\t\t\t\t\t<h3 dir=\"ltr\" style=\"direction: ltr;\"><em><strong>Versandkosten Deutschland:<\/strong><\/em><\/h3>\n<div class=\"table-wrapper\" dir=\"ltr\">\n<table style=\"direction: ltr;\" width=\"100%\">\n<tbody>\n<tr>\n<td>Rate<\/td>\n<td>Zustand<\/td>\n<td>Transitzeit<\/td>\n<td>Preis<\/td>\n<\/tr>\n<tr>\n<td>\n<p>Standard<\/p>\n<\/td>\n<td>0 kg \u2013 3 kg<\/td>\n<td>1 bis 3 Werktage<\/td>\n<td>\n<p>3,37 EUR<\/p>\n<\/td>\n<\/tr>\n<tr>\n<td>Standard<\/td>\n<td>3 kg \u2013 20 kg<\/td>\n<td>1&nbsp;bis&nbsp;3&nbsp;Werktage<\/td>\n<td>4,60 EUR<\/td>\n<\/tr>\n<tr>\n<td>Standard<\/td>\n<td>20 kg \u2013 31,5 kg<\/td>\n<td>1&nbsp;bis&nbsp;3&nbsp;Werktage<\/td>\n<td>5,99 EUR<\/td>\n<\/tr>\n<tr>\n<td>Standard<\/td>\n<td>31,5 kg \u2013 40 kg<\/td>\n<td>1&nbsp;bis&nbsp;3&nbsp;Werktage<\/td>\n<td>20 EUR<\/td>\n<\/tr>\n<tr>\n<td>Standard<\/td>\n<td>30 Euro und mehr<\/td>\n<td>1&nbsp;bis&nbsp;3&nbsp;Werktage<\/td>\n<td>Frei<\/td>\n<\/tr>\n<\/tbody>\n<\/table>\n<\/div>\n<div class=\"col-md-12 pad-1\" dir=\"ltr\">\n<ul class=\"ship-text\">\n<li style=\"direction: ltr;\">Ab einem Bestellwert von 29,99 \u20ac \u00fcbernehmen wir innerhalb Deutschlands die Versandkosten.<\/li>\n<li style=\"direction: ltr;\">Der Versand der Pakete erfolgt von Montag bis Freitag.<\/li>\n<li style=\"direction: ltr;\">Erfahrungsgem\u00e4\u00df dauert es nach dem Versand 1-4 Werktage, bis die Bestellung beim Kunden eintrifft.<\/li>\n<li style=\"direction: ltr;\">Gem\u00e4\u00df den Versandbestimmungen k\u00f6nnen nur 30 kg in einem Paket versendet werden. Wenn eine Bestellung mehr als 30 kg wiegt, muss sie in zwei oder mehr Paketen versendet werden. Gegebenenfalls wird nur das erste Paket versandt und die zus\u00e4tzlichen Pakete werden auf Kosten des Unternehmens versandt.<\/li>\n<li style=\"direction: ltr;\">Wenn das Paket an uns zur\u00fcckgeschickt wird, weil die Adresse oder der Name auf der Klingel falsch waren oder der Empf\u00e4nger unbekannt ist, k\u00f6nnen f\u00fcr die erneute Versendung des Pakets Versandkosten (pro Karton) anfallen.<\/li>\n<li style=\"direction: ltr;\">Pakete, die (aus welchem Grund auch immer) an milano galerie&nbsp;-Store zur\u00fcckgeschickt werden, kosten 4,5 \u20ac. Diese Kosten k\u00f6nnen je nach den Umst\u00e4nden und nach Ermessen des Unternehmens auf den Kunden \u00fcbertragen werden oder nicht.<\/li>\n<li style=\"direction: ltr;\">Wenn eine bereits versandte Bestellung an uns zur\u00fcckgeschickt wird, weil der Kunde sie nicht mehr haben m\u00f6chte und sie storniert werden muss, werden die Versandkosten bei der R\u00fcckerstattung vom Bestellbetrag abgezogen. Der Preis f\u00fcr Produkte, die bei diesem Vorgang besch\u00e4digt werden, wird nicht erstattet.<\/li>\n<\/ul>\n<\/div>\n<div class=\"col-md-12 pad-1\" dir=\"ltr\">\n<h3 style=\"direction: ltr;\">Unf\u00e4lle \/ Versp\u00e4tungen \/ Ausnahmen<\/h3>\n<ul class=\"ship-text\">\n<li style=\"direction: ltr;\">Im Falle einer Verz\u00f6gerung verfolgen Sie die Bestellung bitte selbst \u00fcber den Tracking-Link, den Sie von den Versandunternehmen erhalten.<\/li>\n<li style=\"direction: ltr;\">In seltenen F\u00e4llen kann das Paket w\u00e4hrend des Transports durch GLS besch\u00e4digt werden. In diesem Fall packt GLS das Paket normalerweise in seinem Zentrum neu und liefert es aus. Dies kann zu einer Verz\u00f6gerung von 2-4 zus\u00e4tzlichen Tagen f\u00fchren. Wenn ein Paket so stark besch\u00e4digt wurde, dass es nicht zugestellt werden kann, wird es zur\u00fcckgeschickt oder wir werden dar\u00fcber informiert, dass es \u00fcberhaupt nicht zur\u00fcckgeschickt werden kann.<\/li>\n<li style=\"direction: ltr;\">In einigen F\u00e4llen kann es auch bei milano galerie -Store zu Verz\u00f6gerungen kommen, wenn ein bestelltes Produkt nicht vorr\u00e4tig ist und erst in den n\u00e4chsten 1-5 Tagen geliefert werden muss. Wenn es l\u00e4nger dauert, nimmt das Unternehmen Kontakt mit dem Kunden auf.<\/li>\n<li style=\"direction: ltr;\">Frisches Gem\u00fcse wird montags und donnerstags an uns geliefert. Bei Bestellungen mit frischen Artikeln kann es manchmal zu Verz\u00f6gerungen kommen, falls wir die Lieferung nicht in ausreichender Menge oder rechtzeitig erhalten. In einigen F\u00e4llen kann das Geld auch zur\u00fcckerstattet und die Bestellung versandt werden. Das Unternehmen versucht, frische Artikel sofort nach der Beschaffung zu versenden.<\/li>\n<\/ul>\n<\/div>\t\t\t\t\t\t\t\t<\/div>\n\t\t\t\t<\/div>\n\t\t\t\t\t<\/div>\n\t\t\t\t<\/div>\n\t\t\t\t<\/div>","protected":false},"excerpt":{"rendered":"<p>Versandkosten Deutschland: Rate Zustand Transitzeit Preis Standard 0 kg \u2013 3 kg 1 bis 3 Werktage 3,37 EUR Standard 3 [&hellip;]<\/p>\n","protected":false},"author":1,"featured_media":0,"parent":0,"menu_order":0,"comment_status":"closed","ping_status":"closed","template":"","meta":{"site-sidebar-layout":"no-sidebar","site-content-layout":"","ast-site-content-layout":"full-width-container","site-content-style":"default","site-sidebar-style":"default","ast-global-header-display":"","ast-banner-title-visibility":"","ast-main-header-display":"","ast-hfb-above-header-display":"","ast-hfb-below-header-display":"","ast-hfb-mobile-header-display":"","site-post-title":"disabled","ast-breadcrumbs-content":"","ast-featured-img":"disabled","footer-sml-layout":"","ast-disable-related-posts":"","theme-transparent-header-meta":"","adv-header-id-meta":"","stick-header-meta":"","header-above-stick-meta":"","header-main-stick-meta":"","header-below-stick-meta":"","astra-migrate-meta-layouts":"default","ast-page-background-enabled":"default","ast-page-background-meta":{"desktop":{"background-color":"var(--ast-global-color-4)","background-image":"","background-repeat":"repeat","background-position":"center center","background-size":"auto","background-attachment":"scroll","background-type":"","background-media":"","overlay-type":"","overlay-color":"","overlay-opacity":"","overlay-gradient":""},"tablet":{"background-color":"","background-image":"","background-repeat":"repeat","background-position":"center center","background-size":"auto","background-attachment":"scroll","background-type":"","background-media":"","overlay-type":"","overlay-color":"","overlay-opacity":"","overlay-gradient":""},"mobile":{"background-color":"","background-image":"","background-repeat":"repeat","background-position":"center center","background-size":"auto","background-attachment":"scroll","background-type":"","background-media":"","overlay-type":"","overlay-color":"","overlay-opacity":"","overlay-gradient":""}},"ast-content-background-meta":{"desktop":{"background-color":"var(--ast-global-color-5)","background-image":"","background-repeat":"repeat","background-position":"center center","background-size":"auto","background-attachment":"scroll","background-type":"","background-media":"","overlay-type":"","overlay-color":"","overlay-opacity":"","overlay-gradient":""},"tablet":{"background-color":"var(--ast-global-color-5)","background-image":"","background-repeat":"repeat","background-position":"center center","background-size":"auto","background-attachment":"scroll","background-type":"","background-media":"","overlay-type":"","overlay-color":"","overlay-opacity":"","overlay-gradient":""},"mobile":{"background-color":"var(--ast-global-color-5)","background-image":"","background-repeat":"repeat","background-position":"center center","background-size":"auto","background-attachment":"scroll","background-type":"","background-media":"","overlay-type":"","overlay-color":"","overlay-opacity":"","overlay-gradient":""}},"footnotes":""},"class_list":["post-576","page","type-page","status-publish","hentry"],"jetpack_sharing_enabled":true,"_links":{"self":[{"href":"https:\/\/milano-galerie.de\/de\/wp-json\/wp\/v2\/pages\/576","targetHints":{"allow":["GET"]}}],"collection":[{"href":"https:\/\/milano-galerie.de\/de\/wp-json\/wp\/v2\/pages"}],"about":[{"href":"https:\/\/milano-galerie.de\/de\/wp-json\/wp\/v2\/types\/page"}],"author":[{"embeddable":true,"href":"https:\/\/milano-galerie.de\/de\/wp-json\/wp\/v2\/users\/1"}],"replies":[{"embeddable":true,"href":"https:\/\/milano-galerie.de\/de\/wp-json\/wp\/v2\/comments?post=576"}],"version-history":[{"count":10,"href":"https:\/\/milano-galerie.de\/de\/wp-json\/wp\/v2\/pages\/576\/revisions"}],"predecessor-version":[{"id":678,"href":"https:\/\/milano-galerie.de\/de\/wp-json\/wp\/v2\/pages\/576\/revisions\/678"}],"wp:attachment":[{"href":"https:\/\/milano-galerie.de\/de\/wp-json\/wp\/v2\/media?parent=576"}],"curies":[{"name":"wp","href":"https:\/\/api.w.org\/{rel}","templated":true}]}}