{"id":574,"date":"2025-05-07T11:30:51","date_gmt":"2025-05-07T11:30:51","guid":{"rendered":"https:\/\/milano-galerie.de\/?page_id=574"},"modified":"2025-05-07T11:30:51","modified_gmt":"2025-05-07T11:30:51","slug":"ruckgaberecht","status":"publish","type":"page","link":"https:\/\/milano-galerie.de\/de\/ruckgaberecht\/","title":{"rendered":"R\u00fcckgaberecht"},"content":{"rendered":"<p class=\"has-text-align-left\"><strong>1. Widerrufsrecht f\u00fcr Verbraucher<\/strong><\/p>\n\n\n\n<p class=\"has-text-align-left\">Verbraucher ist jede nat\u00fcrliche Person, die ein Rechtsgesch\u00e4ft zu Zwecken abschlie\u00dft, die<br>sind \u00fcberwiegend weder gewerblich noch selbst\u00e4ndig t\u00e4tig.<\/p>\n\n\n\n<p class=\"has-text-align-left\"><strong>2. Widerrufsbelehrung<\/strong><\/p>\n\n\n\n<p class=\"has-text-align-left\">Bei Abschluss eines Fernabsatzvertrages wird einem Verbraucher das Recht einger\u00e4umt, binnen vierzehn Tagen ohne Angabe von Gr\u00fcnden diesen Vertrag zu widerrufen.<\/p>\n\n\n\n<p class=\"has-text-align-left\">Fernabsatzvertr\u00e4ge sind Vertr\u00e4ge, bei denen der Unternehmer oder eine in seinem Namen oder im Auftrag des Verbrauchers handelnde Person und der Verbraucher f\u00fcr die Vertragsverhandlungen und den Vertragsabschluss ausschlie\u00dflich Fernkommunikationsmittel verwenden, es sei denn, der Vertrag wird nicht im Rahmen eines f\u00fcr den Fernabsatz organisierten Verkaufs- oder Dienstleistungssystems geschlossen.<\/p>\n\n\n\n<p class=\"has-text-align-left\">Fernkommunikationsmittel im Sinne der gesetzlichen Bestimmungen sind alle Kommunikationsmittel, die zur Anbahnung oder zum Abschluss eines Vertrages genutzt werden k\u00f6nnen, ohne dass die Vertragspartner gleichzeitig k\u00f6rperlich anwesend sind, wie etwa Telefonanrufe, Telefax, E-Mails, \u00fcber den Mobilfunkdienst versandte Nachrichten (SMS), etc..<\/p>\n\n\n\n<p class=\"has-text-align-left\">Die Widerrufsfrist betr\u00e4gt 14 Tage ab dem Tag, an dem der K\u00e4ufer als Verbraucher oder ein von ihm benannter Dritter, der nicht der Bef\u00f6rderer ist, die Kaufsache in Besitz genommen hat und Sie als Verbraucher \u00fcber Ihr Widerrufsrecht belehrt bzw. informiert wurden.<strong>3.Aus\u00fcbung des Widerrufsrechts<\/strong><\/p>\n\n\n\n<p class=\"has-text-align-left\">Um Ihr Widerrufsrecht als Verbraucher bei Abschluss eines Fernabsatzvertrages auszu\u00fcben, m\u00fcssen Sie sich an<strong>&nbsp;<\/strong>uns,<\/p>\n\n\n\n<p class=\"has-text-align-left\" dir=\"ltr\"><strong>Milano galerie<br>Inhaber<br>Autorisierte Person:<br>Hochstra\u00dfe.110<br>58095 Hagen<br>Telefonnummer:<br>E-Mail-Adresse:&nbsp;<\/strong><strong> <\/strong><strong><\/strong><\/p>\n\n\n\n<p>mittels einer eindeutigen Erkl\u00e4rung (\u00a0<a href=\"mailto:service@md-store.de\"><strong>z. B.<\/strong><\/a>\u00a0ein mit der Post versandter Brief, Telefax oder E-Mail) \u00fcber Ihren Entschluss, diesen Vertrag zu widerrufen, informieren. Sie k\u00f6nnen daf\u00fcr das unten aufgef\u00fchrte Muster-Widerrufsformular verwenden, das jedoch nicht vorgeschrieben ist. Zur Wahrung der Widerrufsfrist reicht es aus, dass Sie die Mitteilung \u00fcber die Aus\u00fcbung des Widerrufsrechts vor Ablauf der Widerrufsfrist absenden.<strong>4. Folgen des Widerrufs<\/strong><\/p>\n\n\n\n<p class=\"has-text-align-left\">Wenn Sie diesen Vertrag widerrufen, haben wir Ihnen alle Zahlungen, die wir von Ihnen erhalten haben und die im Zusammenhang mit dem Kauf get\u00e4tigt wurden, unverz\u00fcglich und sp\u00e4testens binnen vierzehn Tagen ab dem Tag zur\u00fcckzuzahlen, an dem die Mitteilung \u00fcber Ihren Widerruf dieses Vertrags bei uns eingegangen ist.<\/p>\n\n\n\n<p class=\"has-text-align-left\">F\u00fcr diese R\u00fcckzahlung verwenden wir dasselbe Zahlungsmittel, das Sie bei der urspr\u00fcnglichen Transaktion eingesetzt haben, es sei denn, mit Ihnen wurde ausdr\u00fccklich etwas anderes vereinbart.<\/p>\n\n\n\n<p class=\"has-text-align-left\">Wir k\u00f6nnen die R\u00fcckzahlung verweigern, bis wir den Vertragsgegenstand wieder zur\u00fcckerhalten haben oder bis Sie den Nachweis erbracht haben, dass Sie die Ware zur\u00fcckgesandt haben, je nachdem, welches der fr\u00fchere Zeitpunkt ist.<\/p>\n\n\n\n<p class=\"has-text-align-left\">Sie haben den Vertragsgegenstand sofort und in jedem Fall sp\u00e4testens innerhalb<\/p>\n\n\n\n<p class=\"has-text-align-left\">vierzehn Tagen ab dem Tag, an dem Sie uns \u00fcber den Widerruf dieses Vertrags unterrichten, an uns zur\u00fcckzusenden oder zu \u00fcbergeben.<\/p>\n\n\n\n<p class=\"has-text-align-left\">Die Frist ist gewahrt, wenn Sie die Waren vor Ablauf der Frist von vierzehn Tagen absenden.<\/p>\n\n\n\n<p class=\"has-text-align-left\">Sie m\u00fcssen f\u00fcr einen etwaigen Wertverlust der Waren nur aufkommen, wenn dieser Wertverlust auf einen zur Pr\u00fcfung der Beschaffenheit, Eigenschaften und Funktionsweise der Waren nicht notwendigen Umgang mit ihnen zur\u00fcckzuf\u00fchren ist.<strong>5.Ausschluss- bzw. Erl\u00f6schensgr\u00fcnde<\/strong><\/p>\n\n\n\n<p class=\"has-text-align-left\">Das Widerrufsrecht besteht nicht bei Vertr\u00e4gen<\/p>\n\n\n\n<p class=\"has-text-align-left\">&#8211; zur Lieferung von Waren, die nicht vorgefertigt sind und f\u00fcr deren Herstellung eine individuelle Auswahl oder Bestimmung durch den Verbraucher ma\u00dfgeblich ist oder die eindeutig auf die pers\u00f6nlichen Bed\u00fcrfnisse des Verbrauchers zugeschnitten sind;<\/p>\n\n\n\n<p class=\"has-text-align-left\">&#8211; zur Lieferung von Waren, die schnell verderben k\u00f6nnen oder deren Verfallsdatum schnell \u00fcberschritten w\u00fcrde;<\/p>\n\n\n\n<p class=\"has-text-align-left\">&#8211; zur Lieferung alkoholischer Getr\u00e4nke, deren Preis bei Vertragsschluss vereinbart wurde, die aber fr\u00fchestens 30 Tage nach Vertragsschluss geliefert werden k\u00f6nnen und deren aktueller Wert von Schwankungen auf dem Markt abh\u00e4ngt, auf die der Unternehmer keinen Einfluss hat;<\/p>\n\n\n\n<p class=\"has-text-align-left\">&#8211; zur Lieferung von Zeitungen, Zeitschriften oder Illustrierten mit Ausnahme von Abonnement-Vertr\u00e4gen.<\/p>\n\n\n\n<p class=\"has-text-align-left\">Das Widerrufsrecht erlischt vorzeitig bei Vertr\u00e4gen<\/p>\n\n\n\n<p class=\"has-text-align-left\">&#8211; zur Lieferung versiegelter Waren, die aus Gr\u00fcnden des Gesundheitsschutzes oder der Hygiene nicht zur R\u00fcckgabe geeignet sind, wenn ihre Versiegelung nach der Lieferung entfernt wurde;<\/p>\n\n\n\n<p class=\"has-text-align-left\">&#8211; zur Lieferung von Waren, wenn diese nach der Lieferung auf Grund ihrer Beschaffenheit untrennbar mit anderen G\u00fctern vermischt wurden;<\/p>\n\n\n\n<p class=\"has-text-align-left\">&#8211; zur Lieferung von Ton- oder Videoaufnahmen oder Computersoftware in einer versiegelten Packung, wenn die Versiegelung nach der Lieferung entfernt wurde.<strong>Muster-Widerrufsformular<\/strong><\/p>\n\n\n\n<p class=\"has-text-align-left\">(Wenn Sie den Vertrag widerrufen wollen, dann f\u00fcllen Sie bitte dieses Formular aus und senden Sie es zur\u00fcck.)<\/p>\n\n\n\n<p class=\"has-text-align-left\" dir=\"ltr\"><strong>Milano galerie<br>Inhaber<br>Autorisierte Person:<br>Hochstra\u00dfe.110<br>58095 Hagen<br>Telefonnummer:<br>E-Mail-Adresse:&nbsp;<\/strong><strong> <\/strong><strong><\/strong><\/p>\n\n\n\n<p class=\"has-text-align-left\"><br>\u2013 Bestellt am (*)\/erhalten am (*)<br><br><\/p>\n\n\n\n<p class=\"has-text-align-left\">\u2013 Name des\/der Verbraucher(s)<\/p>\n\n\n\n<p class=\"has-text-align-left\">\u2013 Anschrift des\/der Verbraucher(s)<\/p>\n\n\n\n<p class=\"has-text-align-left\">\u2013 Unterschrift des\/der Verbraucher(s) (nur bei Mitteilung auf Papier)<\/p>\n\n\n\n<p class=\"has-text-align-left\">&#8211; Datum<\/p>\n\n\n\n<p class=\"has-text-align-left\">(*) Unzutreffendes streichen.<\/p>\n\n\n\n<p><\/p>","protected":false},"excerpt":{"rendered":"<p>1. Widerrufsrecht f\u00fcr Verbraucher Verbraucher ist jede nat\u00fcrliche Person, die ein Rechtsgesch\u00e4ft zu Zwecken abschlie\u00dft, diesind \u00fcberwiegend weder gewerblich noch [&hellip;]<\/p>\n","protected":false},"author":1,"featured_media":0,"parent":0,"menu_order":0,"comment_status":"closed","ping_status":"closed","template":"","meta":{"site-sidebar-layout":"default","site-content-layout":"","ast-site-content-layout":"default","site-content-style":"default","site-sidebar-style":"default","ast-global-header-display":"","ast-banner-title-visibility":"","ast-main-header-display":"","ast-hfb-above-header-display":"","ast-hfb-below-header-display":"","ast-hfb-mobile-header-display":"","site-post-title":"","ast-breadcrumbs-content":"","ast-featured-img":"","footer-sml-layout":"","ast-disable-related-posts":"","theme-transparent-header-meta":"","adv-header-id-meta":"","stick-header-meta":"","header-above-stick-meta":"","header-main-stick-meta":"","header-below-stick-meta":"","astra-migrate-meta-layouts":"default","ast-page-background-enabled":"default","ast-page-background-meta":{"desktop":{"background-color":"var(--ast-global-color-4)","background-image":"","background-repeat":"repeat","background-position":"center center","background-size":"auto","background-attachment":"scroll","background-type":"","background-media":"","overlay-type":"","overlay-color":"","overlay-opacity":"","overlay-gradient":""},"tablet":{"background-color":"","background-image":"","background-repeat":"repeat","background-position":"center center","background-size":"auto","background-attachment":"scroll","background-type":"","background-media":"","overlay-type":"","overlay-color":"","overlay-opacity":"","overlay-gradient":""},"mobile":{"background-color":"","background-image":"","background-repeat":"repeat","background-position":"center center","background-size":"auto","background-attachment":"scroll","background-type":"","background-media":"","overlay-type":"","overlay-color":"","overlay-opacity":"","overlay-gradient":""}},"ast-content-background-meta":{"desktop":{"background-color":"var(--ast-global-color-5)","background-image":"","background-repeat":"repeat","background-position":"center center","background-size":"auto","background-attachment":"scroll","background-type":"","background-media":"","overlay-type":"","overlay-color":"","overlay-opacity":"","overlay-gradient":""},"tablet":{"background-color":"var(--ast-global-color-5)","background-image":"","background-repeat":"repeat","background-position":"center center","background-size":"auto","background-attachment":"scroll","background-type":"","background-media":"","overlay-type":"","overlay-color":"","overlay-opacity":"","overlay-gradient":""},"mobile":{"background-color":"var(--ast-global-color-5)","background-image":"","background-repeat":"repeat","background-position":"center center","background-size":"auto","background-attachment":"scroll","background-type":"","background-media":"","overlay-type":"","overlay-color":"","overlay-opacity":"","overlay-gradient":""}},"footnotes":""},"class_list":["post-574","page","type-page","status-publish","hentry"],"jetpack_sharing_enabled":true,"_links":{"self":[{"href":"https:\/\/milano-galerie.de\/de\/wp-json\/wp\/v2\/pages\/574","targetHints":{"allow":["GET"]}}],"collection":[{"href":"https:\/\/milano-galerie.de\/de\/wp-json\/wp\/v2\/pages"}],"about":[{"href":"https:\/\/milano-galerie.de\/de\/wp-json\/wp\/v2\/types\/page"}],"author":[{"embeddable":true,"href":"https:\/\/milano-galerie.de\/de\/wp-json\/wp\/v2\/users\/1"}],"replies":[{"embeddable":true,"href":"https:\/\/milano-galerie.de\/de\/wp-json\/wp\/v2\/comments?post=574"}],"version-history":[{"count":1,"href":"https:\/\/milano-galerie.de\/de\/wp-json\/wp\/v2\/pages\/574\/revisions"}],"predecessor-version":[{"id":575,"href":"https:\/\/milano-galerie.de\/de\/wp-json\/wp\/v2\/pages\/574\/revisions\/575"}],"wp:attachment":[{"href":"https:\/\/milano-galerie.de\/de\/wp-json\/wp\/v2\/media?parent=574"}],"curies":[{"name":"wp","href":"https:\/\/api.w.org\/{rel}","templated":true}]}}