{"id":572,"date":"2025-05-07T11:25:20","date_gmt":"2025-05-07T11:25:20","guid":{"rendered":"https:\/\/milano-galerie.de\/?page_id=572"},"modified":"2025-05-10T10:15:57","modified_gmt":"2025-05-10T10:15:57","slug":"impressum","status":"publish","type":"page","link":"https:\/\/milano-galerie.de\/de\/impressum\/","title":{"rendered":"Impressum"},"content":{"rendered":"<p class=\"has-text-align-left\"><strong>Gesetzliche Anbieterkennzeichnung:<\/strong><\/p>\n\n\n\n<p class=\"has-text-align-left\" dir=\"ltr\">milano-galerie<br>Inhaber Fadi Nemeh<br><\/p>\n\n\n\n<p class=\"has-text-align-left\" dir=\"ltr\">Hochstra\u00dfe.110<br>58095Hagen<br>Deutschland<br><strong>Telefon:<\/strong> +49 2331 5944724<br><strong>E-Mail: <\/strong>info@milano-galerie.de<br><strong>Umsatzsteuer-Identifikationsnummer:<\/strong><\/p>\n\n\n\n<p class=\"has-text-align-left\" dir=\"ltr\"><strong>Alternative Streitbeilegung:<\/strong><br>Die Europ\u00e4ische Kommission stellt eine Plattform f\u00fcr die au\u00dfergerichtliche Online-Streitbeilegung (OS-Plattform) bereit, aufrufbar unter&nbsp;<a href=\"https:\/\/ec.europa.eu\/odr\">https:\/\/ec.europa.eu\/odr<\/a>&nbsp;.<\/p>\n\n\n\n<p dir=\"ltr\">Wir sind bereit, an Streitbeilegungsverfahren vor Verbraucherschlichtungsstellen teilzunehmen.<\/p>\n\n\n\n<p><\/p>","protected":false},"excerpt":{"rendered":"<p>Gesetzliche Anbieterkennzeichnung: milano-galerieInhaber Fadi Nemeh Hochstra\u00dfe.11058095HagenDeutschlandTelefon: +49 2331 5944724E-Mail: info@milano-galerie.deUmsatzsteuer-Identifikationsnummer: Alternative Streitbeilegung:Die Europ\u00e4ische Kommission stellt eine Plattform f\u00fcr die au\u00dfergerichtliche [&hellip;]<\/p>\n","protected":false},"author":1,"featured_media":0,"parent":0,"menu_order":0,"comment_status":"closed","ping_status":"closed","template":"","meta":{"site-sidebar-layout":"default","site-content-layout":"","ast-site-content-layout":"default","site-content-style":"default","site-sidebar-style":"default","ast-global-header-display":"","ast-banner-title-visibility":"","ast-main-header-display":"","ast-hfb-above-header-display":"","ast-hfb-below-header-display":"","ast-hfb-mobile-header-display":"","site-post-title":"","ast-breadcrumbs-content":"","ast-featured-img":"","footer-sml-layout":"","ast-disable-related-posts":"","theme-transparent-header-meta":"","adv-header-id-meta":"","stick-header-meta":"","header-above-stick-meta":"","header-main-stick-meta":"","header-below-stick-meta":"","astra-migrate-meta-layouts":"default","ast-page-background-enabled":"default","ast-page-background-meta":{"desktop":{"background-color":"var(--ast-global-color-4)","background-image":"","background-repeat":"repeat","background-position":"center center","background-size":"auto","background-attachment":"scroll","background-type":"","background-media":"","overlay-type":"","overlay-color":"","overlay-opacity":"","overlay-gradient":""},"tablet":{"background-color":"","background-image":"","background-repeat":"repeat","background-position":"center center","background-size":"auto","background-attachment":"scroll","background-type":"","background-media":"","overlay-type":"","overlay-color":"","overlay-opacity":"","overlay-gradient":""},"mobile":{"background-color":"","background-image":"","background-repeat":"repeat","background-position":"center center","background-size":"auto","background-attachment":"scroll","background-type":"","background-media":"","overlay-type":"","overlay-color":"","overlay-opacity":"","overlay-gradient":""}},"ast-content-background-meta":{"desktop":{"background-color":"var(--ast-global-color-5)","background-image":"","background-repeat":"repeat","background-position":"center center","background-size":"auto","background-attachment":"scroll","background-type":"","background-media":"","overlay-type":"","overlay-color":"","overlay-opacity":"","overlay-gradient":""},"tablet":{"background-color":"var(--ast-global-color-5)","background-image":"","background-repeat":"repeat","background-position":"center center","background-size":"auto","background-attachment":"scroll","background-type":"","background-media":"","overlay-type":"","overlay-color":"","overlay-opacity":"","overlay-gradient":""},"mobile":{"background-color":"var(--ast-global-color-5)","background-image":"","background-repeat":"repeat","background-position":"center center","background-size":"auto","background-attachment":"scroll","background-type":"","background-media":"","overlay-type":"","overlay-color":"","overlay-opacity":"","overlay-gradient":""}},"footnotes":""},"class_list":["post-572","page","type-page","status-publish","hentry"],"jetpack_sharing_enabled":true,"_links":{"self":[{"href":"https:\/\/milano-galerie.de\/de\/wp-json\/wp\/v2\/pages\/572","targetHints":{"allow":["GET"]}}],"collection":[{"href":"https:\/\/milano-galerie.de\/de\/wp-json\/wp\/v2\/pages"}],"about":[{"href":"https:\/\/milano-galerie.de\/de\/wp-json\/wp\/v2\/types\/page"}],"author":[{"embeddable":true,"href":"https:\/\/milano-galerie.de\/de\/wp-json\/wp\/v2\/users\/1"}],"replies":[{"embeddable":true,"href":"https:\/\/milano-galerie.de\/de\/wp-json\/wp\/v2\/comments?post=572"}],"version-history":[{"count":3,"href":"https:\/\/milano-galerie.de\/de\/wp-json\/wp\/v2\/pages\/572\/revisions"}],"predecessor-version":[{"id":675,"href":"https:\/\/milano-galerie.de\/de\/wp-json\/wp\/v2\/pages\/572\/revisions\/675"}],"wp:attachment":[{"href":"https:\/\/milano-galerie.de\/de\/wp-json\/wp\/v2\/media?parent=572"}],"curies":[{"name":"wp","href":"https:\/\/api.w.org\/{rel}","templated":true}]}}